{"id":172,"date":"2016-08-03T09:47:38","date_gmt":"2016-08-03T07:47:38","guid":{"rendered":"http:\/\/www.valorine.ch\/?page_id=20"},"modified":"2024-10-21T15:59:13","modified_gmt":"2024-10-21T13:59:13","slug":"severine-granger-berthoud","status":"publish","type":"page","link":"https:\/\/www.valorine.ch\/index.php\/severine-granger-berthoud\/","title":{"rendered":"S\u00e9verine Granger B"},"content":{"rendered":"<p><div class=\"fusion-fullwidth fullwidth-box fusion-builder-row-1 hundred-percent-fullwidth non-hundred-percent-height-scrolling\" style=\"--awb-border-radius-top-left:0px;--awb-border-radius-top-right:0px;--awb-border-radius-bottom-right:0px;--awb-border-radius-bottom-left:0px;--awb-overflow:visible;--awb-flex-wrap:wrap;\" ><div class=\"fusion-builder-row fusion-row\"><div class=\"fusion-layout-column fusion_builder_column fusion-builder-column-0 fusion_builder_column_1_1 1_1 fusion-one-full fusion-column-first fusion-column-last\" style=\"--awb-bg-size:cover;\"><div class=\"fusion-column-wrapper fusion-flex-column-wrapper-legacy\"><div class=\"fusion-title title fusion-title-1 sep-underline sep-dotted fusion-title-text fusion-title-size-one\" style=\"--awb-sep-color:#028a99;\"><h1 class=\"fusion-title-heading title-heading-left\" style=\"margin:0;\">S\u00e9verine Granger Berthoud<\/h1><\/div><div class=\"fusion-clearfix\"><\/div><\/div><\/div><div class=\"fusion-layout-column fusion_builder_column fusion-builder-column-1 fusion_builder_column_1_1 1_1 fusion-one-full fusion-column-first fusion-column-last\" style=\"--awb-bg-position:center center;--awb-bg-size:cover;\"><div class=\"fusion-column-wrapper fusion-flex-column-wrapper-legacy\"><div class=\"fusion-text fusion-text-1\"><p><img decoding=\"async\" class=\"lazyload wp-image-94 size-medium alignleft\" src=\"http:\/\/www.valorine.ch\/wp-content\/uploads\/2016\/08\/severine-292x300.jpg\" data-orig-src=\"http:\/\/www.valorine.ch\/wp-content\/uploads\/2016\/08\/severine-292x300.jpg\" width=\"292\" height=\"300\" srcset=\"data:image\/svg+xml,%3Csvg%20xmlns%3D%27http%3A%2F%2Fwww.w3.org%2F2000%2Fsvg%27%20width%3D%27292%27%20height%3D%27300%27%20viewBox%3D%270%200%20292%20300%27%3E%3Crect%20width%3D%27292%27%20height%3D%27300%27%20fill-opacity%3D%220%22%2F%3E%3C%2Fsvg%3E\" data-srcset=\"https:\/\/www.valorine.ch\/wp-content\/uploads\/2016\/08\/severine-200x205.jpg 200w, https:\/\/www.valorine.ch\/wp-content\/uploads\/2016\/08\/severine.jpg 292w\" data-sizes=\"auto\" data-orig-sizes=\"(max-width: 292px) 100vw, 292px\" \/><\/p>\n<h2 class=\"yiv1866253934MsoPlainText\"><strong>Qui suis-je?<\/strong><\/h2>\n<p id=\"yui_3_16_0_1_1470635274290_23259\" class=\"yiv1866253934MsoPlainText\"><span id=\"yui_3_16_0_1_1470635274290_23261\"><strong><em>Prends soin de ton corps pour que ton \u00e2me ait envie de l&rsquo;habiter.<\/em><\/strong><br \/>\nCette phrase r\u00e9sume parfaitement ma vision de la Vie. Prenons soin de notre \u00eatre, de notre corps, de notre \u00e2me. Avec les ann\u00e9es et avec les formations que j\u2019ai entreprises, j\u2019aime associer le toucher des massages avec le c\u00f4t\u00e9 \u00e9nerg\u00e9tique du Reiki et tout cela avec les huiles essentielles et les plantes m\u00e9dicinales que j\u2019aime aller cueillir en montagne d\u00e8s la fonte des neiges. Tous ces domaines me passionnent car ils sont diversifiants et ceci est important pour mon \u00e9quilibre.<\/span><\/p>\n<p class=\"yiv1866253934MsoPlainText\">\u00a0Quand jeune adulte, je me suis demand\u00e9 qu\u2019elle \u00e9tait mon but dans la Vie, je me suis dit: je veux \u00eatre proche des gens, pouvoir aider ceux qui en ont besoin, leur donner ma passion de la Vie, cette Vie qui peut \u00eatre belle malgr\u00e9 les obstacles \u00e0 franchir. Et c\u2019est donc tout naturellement que j&rsquo;ai d\u00e9cide d\u2019\u00eatre Aide Familiale. J&rsquo;ai travaill\u00e9 dans ce domaine quelques ann\u00e9es avant de cesser pour \u00eatre maman de 3 filles. Ensuite, j&rsquo;ai suivis les conseils de ma propre maman pour soigner mes enfants avec la nature. Et comme les r\u00e9sultats \u00e9taient l\u00e0, je me suis perfectionn\u00e9e dans le domaine des plantes m\u00e9dicinales. Les huiles essentielles et les fleurs de Bach viennent tout naturellement compl\u00e9ter ce domaine. Et au fil des ann\u00e9es, je me suis rendue compte que j\u2019ai un c\u00f4t\u00e9 \u00e9nerg\u00e9tique tr\u00e8s pr\u00e9sent. J&rsquo;ai donc d\u00e9cid\u00e9 de d\u00e9velopper cet aspect. Aujourd\u2019hui, je prends tout ce que j\u2019ai re\u00e7u pour le mettre \u00e0 disposition des personnes que je re\u00e7ois.<\/p>\n<h2 class=\"yiv1866253934MsoPlainText\"><strong>Mes prestations<\/strong><\/h2>\n<\/div><div class=\"fusion-button-wrapper\"><a class=\"fusion-button button-flat fusion-button-default-size button-default fusion-button-default button-1 fusion-button-default-span fusion-button-default-type\" style=\"--button_margin-bottom:50px;\" target=\"_self\" href=\"https:\/\/www.valorine.ch\/index.php\/mes-differents-massages\/\"><span class=\"fusion-button-text awb-button__text awb-button__text--default\">Pr\u00e9sentation des diff\u00e9rents massages<\/span><\/a><\/div><div class=\"fusion-button-wrapper\"><a class=\"fusion-button button-flat fusion-button-default-size button-default fusion-button-default button-2 fusion-button-default-span fusion-button-default-type\" style=\"--button_margin-bottom:50px;--button_margin-left:50px;\" target=\"_blank\" rel=\"noopener noreferrer\" href=\"https:\/\/www.valorine.ch\/wp-content\/uploads\/2024\/04\/BAT-Valorine-Flyer-Massage-2024-V5_.pdf\"><span class=\"fusion-button-text awb-button__text awb-button__text--default\">T\u00e9l\u00e9chargez le flyer <\/span><\/a><\/div><div class=\"fusion-content-boxes content-boxes columns row fusion-columns-3 fusion-columns-total-3 fusion-content-boxes-1 content-boxes-icon-with-title content-left\" style=\"--awb-title-color:#012a2e;--awb-iconcolor:#028a99;--awb-hover-accent-color:#1a80b6;--awb-circle-hover-accent-color:transparent;\" data-animationOffset=\"top-into-view\"><div style=\"--awb-backgroundcolor:#f4f4f4;--awb-iconcolor:#028a99;\" class=\"fusion-column content-box-column content-box-column content-box-column-1 col-lg-4 col-md-4 col-sm-4 fusion-content-box-hover content-box-column-first-in-row\"><div class=\"col content-box-wrapper content-wrapper-background link-area-box icon-hover-animation-fade\" data-animationOffset=\"top-into-view\"><div class=\"heading heading-with-icon icon-left\"><div class=\"icon\"><i style=\"background-color:transparent;border-color:transparent;height:auto;width: 21px;line-height:normal;font-size:21px;\" aria-hidden=\"true\" class=\"fontawesome-icon fa-chevron-circle-down fas circle-no\"><\/i><\/div><h2 class=\"content-box-heading\" style=\"--h2_typography-font-size:18px;line-height:23px;\">Massages<\/h2><\/div><div class=\"fusion-clearfix\"><\/div><div class=\"content-container\"><img decoding=\"async\" class=\"lazyload alignnone wp-image-367 size-fusion-200\" src=\"https:\/\/www.valorine.ch\/wp-content\/uploads\/2024\/02\/Valorine-Flyer-Massage-2021__V3-200x173.jpg\" data-orig-src=\"https:\/\/www.valorine.ch\/wp-content\/uploads\/2024\/02\/Valorine-Flyer-Massage-2021__V3-200x173.jpg\" alt=\"\" width=\"270\" height=\"170\" srcset=\"data:image\/svg+xml,%3Csvg%20xmlns%3D%27http%3A%2F%2Fwww.w3.org%2F2000%2Fsvg%27%20width%3D%27270%27%20height%3D%27170%27%20viewBox%3D%270%200%20270%20170%27%3E%3Crect%20width%3D%27270%27%20height%3D%27170%27%20fill-opacity%3D%220%22%2F%3E%3C%2Fsvg%3E\" data-srcset=\"https:\/\/www.valorine.ch\/wp-content\/uploads\/2024\/02\/Valorine-Flyer-Massage-2021__V3-320x202.jpg 320w, https:\/\/www.valorine.ch\/wp-content\/uploads\/2024\/02\/Valorine-Flyer-Massage-2021__V3-700x441.jpg 700w, https:\/\/www.valorine.ch\/wp-content\/uploads\/2024\/02\/Valorine-Flyer-Massage-2021__V3.jpg 809w\" data-sizes=\"auto\" data-orig-sizes=\"(max-width: 270px) 100vw, 270px\" \/><\/p>\n<p style=\"padding-left: 40px;\">&#8211; Massage Pijat<br \/>\n&#8211; Massage aux pierres chaudes<br \/>\n&#8211; Massage Lemniscate<br \/>\n&#8211; Massage Breuss<br \/>\n&#8211; Massage Abhyanga<br \/>\n&#8211; Massage pour femmes enceintes<br \/>\n&#8211; Massage \u00e9nerg\u00e9tique aux pierres et huiles essentielles<br \/>\n&#8211; Massage relaxant<br \/>\n&#8211; Massage enfant<br \/>\n&#8211; Massage 5 Continents<\/p>\n<\/div><\/div><\/div><div style=\"--awb-backgroundcolor:#f4f4f4;--awb-iconcolor:#028a99;\" class=\"fusion-column content-box-column content-box-column content-box-column-2 col-lg-4 col-md-4 col-sm-4 fusion-content-box-hover \"><div class=\"col content-box-wrapper content-wrapper-background link-area-box icon-hover-animation-fade\" data-animationOffset=\"top-into-view\"><div class=\"heading heading-with-icon icon-left\"><div class=\"icon\"><i style=\"background-color:transparent;border-color:transparent;height:auto;width: 21px;line-height:normal;font-size:21px;\" aria-hidden=\"true\" class=\"fontawesome-icon fa-chevron-circle-down fas circle-no\"><\/i><\/div><h2 class=\"content-box-heading\" style=\"--h2_typography-font-size:18px;line-height:23px;\">Reiki<\/h2><\/div><div class=\"fusion-clearfix\"><\/div><div class=\"content-container\">\n<p><img decoding=\"async\" class=\"lazyload alignnone wp-image-377\" src=\"https:\/\/www.valorine.ch\/wp-content\/uploads\/2024\/02\/massage-6520411_1280-300x195.jpg\" data-orig-src=\"https:\/\/www.valorine.ch\/wp-content\/uploads\/2024\/02\/massage-6520411_1280-300x195.jpg\" alt=\"\" width=\"270\" height=\"170\" srcset=\"data:image\/svg+xml,%3Csvg%20xmlns%3D%27http%3A%2F%2Fwww.w3.org%2F2000%2Fsvg%27%20width%3D%27270%27%20height%3D%27170%27%20viewBox%3D%270%200%20270%20170%27%3E%3Crect%20width%3D%27270%27%20height%3D%27170%27%20fill-opacity%3D%220%22%2F%3E%3C%2Fsvg%3E\" data-srcset=\"https:\/\/www.valorine.ch\/wp-content\/uploads\/2024\/02\/massage-6520411_1280-320x202.jpg 320w, https:\/\/www.valorine.ch\/wp-content\/uploads\/2024\/02\/massage-6520411_1280-700x441.jpg 700w, https:\/\/www.valorine.ch\/wp-content\/uploads\/2024\/02\/massage-6520411_1280.jpg 1280w\" data-sizes=\"auto\" data-orig-sizes=\"(max-width: 270px) 100vw, 270px\" \/><\/p>\n<p>Le Reiki est une m\u00e9thode qui utilise l&rsquo;\u00e9nergie universelle pour stimuler le bien-\u00eatre. C&rsquo;est une forme simple, directe et accessible de soin.<\/p>\n<p style=\"text-align: center;\"><em><a href=\"https:\/\/www.valorine.ch\/index.php\/mes-differents-massages\/\" rel=\"noopener noreferrer\">En savoir plus sur le Reiki<\/a><\/em><\/p>\n<\/div><\/div><\/div><div style=\"--awb-backgroundcolor:#f4f4f4;--awb-iconcolor:#028a99;\" class=\"fusion-column content-box-column content-box-column content-box-column-3 col-lg-4 col-md-4 col-sm-4 fusion-content-box-hover content-box-column-last content-box-column-last-in-row\"><div class=\"col content-box-wrapper content-wrapper-background link-area-box icon-hover-animation-fade\" data-animationOffset=\"top-into-view\"><div class=\"heading heading-with-icon icon-left\"><div class=\"icon\"><i style=\"background-color:transparent;border-color:transparent;height:auto;width: 21px;line-height:normal;font-size:21px;\" aria-hidden=\"true\" class=\"fontawesome-icon fa-chevron-circle-down fas circle-no\"><\/i><\/div><h2 class=\"content-box-heading\" style=\"--h2_typography-font-size:18px;line-height:23px;\">Aromath\u00e9rapie<\/h2><\/div><div class=\"fusion-clearfix\"><\/div><div class=\"content-container\"><img decoding=\"async\" class=\"lazyload alignnone wp-image-379\" src=\"https:\/\/www.valorine.ch\/wp-content\/uploads\/2024\/02\/natural-medicine-1738161_1280-300x246.jpg\" data-orig-src=\"https:\/\/www.valorine.ch\/wp-content\/uploads\/2024\/02\/natural-medicine-1738161_1280-300x246.jpg\" alt=\"\" width=\"270\" height=\"170\" srcset=\"data:image\/svg+xml,%3Csvg%20xmlns%3D%27http%3A%2F%2Fwww.w3.org%2F2000%2Fsvg%27%20width%3D%27270%27%20height%3D%27170%27%20viewBox%3D%270%200%20270%20170%27%3E%3Crect%20width%3D%27270%27%20height%3D%27170%27%20fill-opacity%3D%220%22%2F%3E%3C%2Fsvg%3E\" data-srcset=\"https:\/\/www.valorine.ch\/wp-content\/uploads\/2024\/02\/natural-medicine-1738161_1280-320x202.jpg 320w, https:\/\/www.valorine.ch\/wp-content\/uploads\/2024\/02\/natural-medicine-1738161_1280-700x441.jpg 700w, https:\/\/www.valorine.ch\/wp-content\/uploads\/2024\/02\/natural-medicine-1738161_1280.jpg 1280w\" data-sizes=\"auto\" data-orig-sizes=\"(max-width: 270px) 100vw, 270px\" \/><\/p>\n<p>Je suis conseill\u00e8re en aromath\u00e9rapie et j&rsquo;utilise des produits 100% purs et naturels. Si vous avez envie de sentir les bienfaits de l&rsquo;aromath\u00e9rapie ou seulement un renseignement, n&rsquo;h\u00e9sitez pas \u00e0 prendre contact avec moi.<\/p>\n<p style=\"text-align: center;\"><em><a href=\"https:\/\/www.valorine.ch\/index.php\/severine-granger-berthoud\/aromatherapie\/\" rel=\"noopener noreferrer\">En savoir plus sur l&rsquo;aromath\u00e9rapie<\/a><\/em><\/p>\n<\/div><\/div><\/div><div class=\"fusion-clearfix\"><\/div><\/div><div class=\"fusion-clearfix\"><\/div><\/div><\/div><\/div><\/div><div class=\"fusion-fullwidth fullwidth-box fusion-builder-row-2 fusion-flex-container nonhundred-percent-fullwidth non-hundred-percent-height-scrolling\" style=\"--awb-border-radius-top-left:0px;--awb-border-radius-top-right:0px;--awb-border-radius-bottom-right:0px;--awb-border-radius-bottom-left:0px;--awb-flex-wrap:wrap;\" ><div class=\"fusion-builder-row fusion-row fusion-flex-align-items-flex-start fusion-flex-content-wrap\" style=\"max-width:1144px;margin-left: calc(-4% \/ 2 );margin-right: calc(-4% \/ 2 );\"><div class=\"fusion-layout-column fusion_builder_column fusion-builder-column-2 fusion_builder_column_1_1 1_1 fusion-flex-column\" style=\"--awb-bg-size:cover;--awb-width-large:100%;--awb-margin-top-large:0px;--awb-spacing-right-large:1.92%;--awb-margin-bottom-large:20px;--awb-spacing-left-large:1.92%;--awb-width-medium:100%;--awb-order-medium:0;--awb-spacing-right-medium:1.92%;--awb-spacing-left-medium:1.92%;--awb-width-small:100%;--awb-order-small:0;--awb-spacing-right-small:1.92%;--awb-spacing-left-small:1.92%;\"><div class=\"fusion-column-wrapper fusion-column-has-shadow fusion-flex-justify-content-flex-start fusion-content-layout-column\"><div class=\"fusion-text fusion-text-2\"><h2><img decoding=\"async\" class=\"lazyload alignright wp-image-103 size-medium\" src=\"https:\/\/www.valorine.ch\/wp-content\/uploads\/2016\/08\/massage-300x200.jpg\" data-orig-src=\"https:\/\/www.valorine.ch\/wp-content\/uploads\/2016\/08\/massage-300x200.jpg\" alt=\"\" width=\"300\" height=\"200\" srcset=\"data:image\/svg+xml,%3Csvg%20xmlns%3D%27http%3A%2F%2Fwww.w3.org%2F2000%2Fsvg%27%20width%3D%27300%27%20height%3D%27200%27%20viewBox%3D%270%200%20300%20200%27%3E%3Crect%20width%3D%27300%27%20height%3D%27200%27%20fill-opacity%3D%220%22%2F%3E%3C%2Fsvg%3E\" data-srcset=\"https:\/\/www.valorine.ch\/wp-content\/uploads\/2016\/08\/massage-200x133.jpg 200w, https:\/\/www.valorine.ch\/wp-content\/uploads\/2016\/08\/massage-300x200.jpg 300w, https:\/\/www.valorine.ch\/wp-content\/uploads\/2016\/08\/massage-400x266.jpg 400w, https:\/\/www.valorine.ch\/wp-content\/uploads\/2016\/08\/massage.jpg 500w\" data-sizes=\"auto\" data-orig-sizes=\"(max-width: 300px) 100vw, 300px\" \/>Formations professionnelles<\/h2>\n<table>\n<tbody>\n<tr>\n<td width=\"141\">\u00a0\u00a0\u00a0 1988 \u2013 1990<\/td>\n<td width=\"500\">\u00c9cole de Chateauneuf<\/td>\n<\/tr>\n<tr>\n<td width=\"141\">\u00a0\u00a0\u00a0 1990 \u2013 1992<\/td>\n<td width=\"500\">\u00c9cole d\u2019aide-familiale<\/td>\n<\/tr>\n<tr>\n<td width=\"141\">\u00a0\u00a0\u00a0 1992 \u2013 1995<\/td>\n<td width=\"500\">Aide-familiale avec diverses formations d\u00e9di\u00e9es<\/td>\n<\/tr>\n<tr>\n<td width=\"141\">\u00a0\u00a0\u00a0 1995 \u2013 1996<\/td>\n<td width=\"500\">Formation en accompagnement en fin de vie<\/td>\n<\/tr>\n<tr>\n<td width=\"141\">\u00a0\u00a0\u00a0 2006<\/td>\n<td width=\"500\">Formation sur les plantes m\u00e9dicinales<\/td>\n<\/tr>\n<tr>\n<td width=\"141\">\u00a0\u00a0\u00a0 2005 \u2013 2007<\/td>\n<td width=\"500\">Formation en Reiki Usui et Karuna \u2013 niveau I &amp; II &amp; III<\/td>\n<\/tr>\n<tr>\n<td width=\"141\">\u00a0\u00a0\u00a0 2005 \u2013 2007<\/td>\n<td width=\"500\">Formation en aromath\u00e9rapie<\/td>\n<\/tr>\n<tr>\n<td width=\"141\">\u00a0\u00a0\u00a0 2007 \u2013 2012<\/td>\n<td width=\"500\">Formation des diff\u00e9rents massages<\/td>\n<\/tr>\n<tr>\n<td width=\"141\">\u00a0\u00a0\u00a0 2008-2019<\/td>\n<td width=\"500\">Formation d\u00e9veloppement de l\u2019intuition chez Nicole Coudray<\/td>\n<\/tr>\n<tr>\n<td width=\"141\">\u00a0\u00a0\u00a0 2013<\/td>\n<td width=\"463\">Formation cicatrices et champs perturbateurs et traitements<\/td>\n<\/tr>\n<tr>\n<td width=\"141\">\u00a0\u00a0\u00a0 2016<\/td>\n<td width=\"500\">Formation magn\u00e9tisme niveau I et niveau II<\/td>\n<\/tr>\n<tr>\n<td width=\"141\">\u00a0\u00a0\u00a0 2017<\/td>\n<td width=\"500\">Formation magn\u00e9tisme niveau III<\/td>\n<\/tr>\n<tr>\n<td width=\"141\">\u00a0\u00a0\u00a0 2018 \u2013 2019<\/td>\n<td width=\"500\">Formation magn\u00e9tisme niveau IV<\/td>\n<\/tr>\n<tr>\n<td width=\"141\">\u00a0\u00a0\u00a0 2018 \u2013 2019<\/td>\n<td width=\"500\">Praticienne de Bars d\u2019Access \u2122<\/td>\n<\/tr>\n<tr>\n<td width=\"141\">\u00a0\u00a0\u00a0 2019<\/td>\n<td width=\"500\">Formation Huiles essentielles Pierre-Olivier Tauxe<\/td>\n<\/tr>\n<tr>\n<td width=\"141\">\u00a0\u00a0\u00a0 2021<\/td>\n<td width=\"500\">Formation Massage 5 Continents<\/td>\n<\/tr>\n<tr>\n<td width=\"141\">\u00a0\u00a0\u00a0 2024<\/td>\n<td width=\"500\">Application th\u00e9rapeutique des ventouses &#8211; niveau 1<\/td>\n<\/tr>\n<tr>\n<td width=\"141\">\u00a0\u00a0\u00a0 2024<\/td>\n<td width=\"500\">Application th\u00e9rapeutique des ventouses &#8211; perfectionnement niveau 2<\/td>\n<\/tr>\n<\/tbody>\n<\/table>\n<\/div><\/div><\/div><\/div><\/div><\/p>\n","protected":false},"excerpt":{"rendered":"","protected":false},"author":1,"featured_media":0,"parent":0,"menu_order":0,"comment_status":"closed","ping_status":"closed","template":"","meta":{"footnotes":""},"class_list":["post-172","page","type-page","status-publish","hentry"],"yoast_head":"<!-- This site is optimized with the Yoast SEO plugin v25.3 - https:\/\/yoast.com\/wordpress\/plugins\/seo\/ -->\n<title>S\u00e9verine Granger B - VALORINE<\/title>\n<meta name=\"description\" content=\"S\u00e9verine Granger Berthoud vous invite \u00e0 un moment de bien-\u00eatre: massages, Reiki, aromath\u00e9rapie, Fleurs de Bach, produits naturels\" \/>\n<meta name=\"robots\" content=\"index, follow, max-snippet:-1, max-image-preview:large, max-video-preview:-1\" \/>\n<link rel=\"canonical\" href=\"https:\/\/www.valorine.ch\/index.php\/severine-granger-berthoud\/\" \/>\n<meta property=\"og:locale\" content=\"fr_FR\" \/>\n<meta property=\"og:type\" content=\"article\" \/>\n<meta property=\"og:title\" content=\"S\u00e9verine Granger B - VALORINE\" \/>\n<meta property=\"og:description\" content=\"S\u00e9verine Granger Berthoud vous invite \u00e0 un moment de bien-\u00eatre: massages, Reiki, aromath\u00e9rapie, Fleurs de Bach, produits naturels\" \/>\n<meta property=\"og:url\" content=\"https:\/\/www.valorine.ch\/index.php\/severine-granger-berthoud\/\" \/>\n<meta property=\"og:site_name\" content=\"VALORINE\" \/>\n<meta property=\"article:modified_time\" content=\"2024-10-21T13:59:13+00:00\" \/>\n<meta property=\"og:image\" content=\"http:\/\/www.valorine.ch\/wp-content\/uploads\/2016\/08\/severine-292x300.jpg\" \/>\n<meta name=\"twitter:card\" content=\"summary_large_image\" \/>\n<meta name=\"twitter:label1\" content=\"Dur\u00e9e de lecture estim\u00e9e\" \/>\n\t<meta name=\"twitter:data1\" content=\"4 minutes\" \/>\n<script type=\"application\/ld+json\" class=\"yoast-schema-graph\">{\"@context\":\"https:\/\/schema.org\",\"@graph\":[{\"@type\":\"WebPage\",\"@id\":\"https:\/\/www.valorine.ch\/index.php\/severine-granger-berthoud\/\",\"url\":\"https:\/\/www.valorine.ch\/index.php\/severine-granger-berthoud\/\",\"name\":\"S\u00e9verine Granger B - VALORINE\",\"isPartOf\":{\"@id\":\"https:\/\/www.valorine.ch\/#website\"},\"primaryImageOfPage\":{\"@id\":\"https:\/\/www.valorine.ch\/index.php\/severine-granger-berthoud\/#primaryimage\"},\"image\":{\"@id\":\"https:\/\/www.valorine.ch\/index.php\/severine-granger-berthoud\/#primaryimage\"},\"thumbnailUrl\":\"http:\/\/www.valorine.ch\/wp-content\/uploads\/2016\/08\/severine-292x300.jpg\",\"datePublished\":\"2016-08-03T07:47:38+00:00\",\"dateModified\":\"2024-10-21T13:59:13+00:00\",\"description\":\"S\u00e9verine Granger Berthoud vous invite \u00e0 un moment de bien-\u00eatre: massages, Reiki, aromath\u00e9rapie, Fleurs de Bach, produits naturels\",\"breadcrumb\":{\"@id\":\"https:\/\/www.valorine.ch\/index.php\/severine-granger-berthoud\/#breadcrumb\"},\"inLanguage\":\"fr-FR\",\"potentialAction\":[{\"@type\":\"ReadAction\",\"target\":[\"https:\/\/www.valorine.ch\/index.php\/severine-granger-berthoud\/\"]}]},{\"@type\":\"ImageObject\",\"inLanguage\":\"fr-FR\",\"@id\":\"https:\/\/www.valorine.ch\/index.php\/severine-granger-berthoud\/#primaryimage\",\"url\":\"http:\/\/www.valorine.ch\/wp-content\/uploads\/2016\/08\/severine-292x300.jpg\",\"contentUrl\":\"http:\/\/www.valorine.ch\/wp-content\/uploads\/2016\/08\/severine-292x300.jpg\"},{\"@type\":\"BreadcrumbList\",\"@id\":\"https:\/\/www.valorine.ch\/index.php\/severine-granger-berthoud\/#breadcrumb\",\"itemListElement\":[{\"@type\":\"ListItem\",\"position\":1,\"name\":\"Accueil\",\"item\":\"https:\/\/www.valorine.ch\/\"},{\"@type\":\"ListItem\",\"position\":2,\"name\":\"S\u00e9verine Granger B\"}]},{\"@type\":\"WebSite\",\"@id\":\"https:\/\/www.valorine.ch\/#website\",\"url\":\"https:\/\/www.valorine.ch\/\",\"name\":\"VALORINE\",\"description\":\"Centre de bien-\u00eatre et de sant\u00e9\",\"potentialAction\":[{\"@type\":\"SearchAction\",\"target\":{\"@type\":\"EntryPoint\",\"urlTemplate\":\"https:\/\/www.valorine.ch\/?s={search_term_string}\"},\"query-input\":{\"@type\":\"PropertyValueSpecification\",\"valueRequired\":true,\"valueName\":\"search_term_string\"}}],\"inLanguage\":\"fr-FR\"}]}<\/script>\n<!-- \/ Yoast SEO plugin. -->","yoast_head_json":{"title":"S\u00e9verine Granger B - VALORINE","description":"S\u00e9verine Granger Berthoud vous invite \u00e0 un moment de bien-\u00eatre: massages, Reiki, aromath\u00e9rapie, Fleurs de Bach, produits naturels","robots":{"index":"index","follow":"follow","max-snippet":"max-snippet:-1","max-image-preview":"max-image-preview:large","max-video-preview":"max-video-preview:-1"},"canonical":"https:\/\/www.valorine.ch\/index.php\/severine-granger-berthoud\/","og_locale":"fr_FR","og_type":"article","og_title":"S\u00e9verine Granger B - VALORINE","og_description":"S\u00e9verine Granger Berthoud vous invite \u00e0 un moment de bien-\u00eatre: massages, Reiki, aromath\u00e9rapie, Fleurs de Bach, produits naturels","og_url":"https:\/\/www.valorine.ch\/index.php\/severine-granger-berthoud\/","og_site_name":"VALORINE","article_modified_time":"2024-10-21T13:59:13+00:00","og_image":[{"url":"http:\/\/www.valorine.ch\/wp-content\/uploads\/2016\/08\/severine-292x300.jpg","type":"","width":"","height":""}],"twitter_card":"summary_large_image","twitter_misc":{"Dur\u00e9e de lecture estim\u00e9e":"4 minutes"},"schema":{"@context":"https:\/\/schema.org","@graph":[{"@type":"WebPage","@id":"https:\/\/www.valorine.ch\/index.php\/severine-granger-berthoud\/","url":"https:\/\/www.valorine.ch\/index.php\/severine-granger-berthoud\/","name":"S\u00e9verine Granger B - VALORINE","isPartOf":{"@id":"https:\/\/www.valorine.ch\/#website"},"primaryImageOfPage":{"@id":"https:\/\/www.valorine.ch\/index.php\/severine-granger-berthoud\/#primaryimage"},"image":{"@id":"https:\/\/www.valorine.ch\/index.php\/severine-granger-berthoud\/#primaryimage"},"thumbnailUrl":"http:\/\/www.valorine.ch\/wp-content\/uploads\/2016\/08\/severine-292x300.jpg","datePublished":"2016-08-03T07:47:38+00:00","dateModified":"2024-10-21T13:59:13+00:00","description":"S\u00e9verine Granger Berthoud vous invite \u00e0 un moment de bien-\u00eatre: massages, Reiki, aromath\u00e9rapie, Fleurs de Bach, produits naturels","breadcrumb":{"@id":"https:\/\/www.valorine.ch\/index.php\/severine-granger-berthoud\/#breadcrumb"},"inLanguage":"fr-FR","potentialAction":[{"@type":"ReadAction","target":["https:\/\/www.valorine.ch\/index.php\/severine-granger-berthoud\/"]}]},{"@type":"ImageObject","inLanguage":"fr-FR","@id":"https:\/\/www.valorine.ch\/index.php\/severine-granger-berthoud\/#primaryimage","url":"http:\/\/www.valorine.ch\/wp-content\/uploads\/2016\/08\/severine-292x300.jpg","contentUrl":"http:\/\/www.valorine.ch\/wp-content\/uploads\/2016\/08\/severine-292x300.jpg"},{"@type":"BreadcrumbList","@id":"https:\/\/www.valorine.ch\/index.php\/severine-granger-berthoud\/#breadcrumb","itemListElement":[{"@type":"ListItem","position":1,"name":"Accueil","item":"https:\/\/www.valorine.ch\/"},{"@type":"ListItem","position":2,"name":"S\u00e9verine Granger B"}]},{"@type":"WebSite","@id":"https:\/\/www.valorine.ch\/#website","url":"https:\/\/www.valorine.ch\/","name":"VALORINE","description":"Centre de bien-\u00eatre et de sant\u00e9","potentialAction":[{"@type":"SearchAction","target":{"@type":"EntryPoint","urlTemplate":"https:\/\/www.valorine.ch\/?s={search_term_string}"},"query-input":{"@type":"PropertyValueSpecification","valueRequired":true,"valueName":"search_term_string"}}],"inLanguage":"fr-FR"}]}},"_links":{"self":[{"href":"https:\/\/www.valorine.ch\/index.php\/wp-json\/wp\/v2\/pages\/172","targetHints":{"allow":["GET"]}}],"collection":[{"href":"https:\/\/www.valorine.ch\/index.php\/wp-json\/wp\/v2\/pages"}],"about":[{"href":"https:\/\/www.valorine.ch\/index.php\/wp-json\/wp\/v2\/types\/page"}],"author":[{"embeddable":true,"href":"https:\/\/www.valorine.ch\/index.php\/wp-json\/wp\/v2\/users\/1"}],"replies":[{"embeddable":true,"href":"https:\/\/www.valorine.ch\/index.php\/wp-json\/wp\/v2\/comments?post=172"}],"version-history":[{"count":53,"href":"https:\/\/www.valorine.ch\/index.php\/wp-json\/wp\/v2\/pages\/172\/revisions"}],"predecessor-version":[{"id":611,"href":"https:\/\/www.valorine.ch\/index.php\/wp-json\/wp\/v2\/pages\/172\/revisions\/611"}],"wp:attachment":[{"href":"https:\/\/www.valorine.ch\/index.php\/wp-json\/wp\/v2\/media?parent=172"}],"curies":[{"name":"wp","href":"https:\/\/api.w.org\/{rel}","templated":true}]}}