{"id":300,"date":"2023-08-14T10:01:20","date_gmt":"2023-08-14T08:01:20","guid":{"rendered":"https:\/\/www.valorine.ch\/?page_id=300"},"modified":"2023-08-14T11:16:10","modified_gmt":"2023-08-14T09:16:10","slug":"dominique-zuger","status":"publish","type":"page","link":"https:\/\/www.valorine.ch\/index.php\/dominique-zuger\/","title":{"rendered":"Dominique Z\u00fcger"},"content":{"rendered":"<div class=\"fusion-fullwidth fullwidth-box fusion-builder-row-1 hundred-percent-fullwidth non-hundred-percent-height-scrolling\" style=\"--awb-border-radius-top-left:0px;--awb-border-radius-top-right:0px;--awb-border-radius-bottom-right:0px;--awb-border-radius-bottom-left:0px;--awb-overflow:visible;--awb-flex-wrap:wrap;\" ><div class=\"fusion-builder-row fusion-row\"><div class=\"fusion-layout-column fusion_builder_column fusion-builder-column-0 fusion_builder_column_1_1 1_1 fusion-one-full fusion-column-first fusion-column-last\" style=\"--awb-bg-size:cover;\"><div class=\"fusion-column-wrapper fusion-flex-column-wrapper-legacy\"><div class=\"fusion-title title fusion-title-1 sep-underline sep-dotted fusion-title-text fusion-title-size-one\" style=\"--awb-sep-color:#028a99;\"><h1 class=\"fusion-title-heading title-heading-left\" style=\"margin:0;\"><strong>Dominique Z\u00fcger<\/strong><\/h1><\/div><div class=\"fusion-clearfix\"><\/div><\/div><\/div><div class=\"fusion-layout-column fusion_builder_column fusion-builder-column-1 fusion_builder_column_1_1 1_1 fusion-one-full fusion-column-first fusion-column-last\" style=\"--awb-bg-position:center center;--awb-bg-size:cover;\"><div class=\"fusion-column-wrapper fusion-flex-column-wrapper-legacy\"><div class=\"fusion-text fusion-text-1\"><p><img decoding=\"async\" class=\"lazyload alignleft wp-image-301 size-medium\" src=\"https:\/\/www.valorine.ch\/wp-content\/uploads\/2023\/08\/Dominique-Zuger-300x225.jpg\" data-orig-src=\"https:\/\/www.valorine.ch\/wp-content\/uploads\/2023\/08\/Dominique-Zuger-300x225.jpg\" alt=\"\" width=\"300\" height=\"225\" srcset=\"data:image\/svg+xml,%3Csvg%20xmlns%3D%27http%3A%2F%2Fwww.w3.org%2F2000%2Fsvg%27%20width%3D%27300%27%20height%3D%27225%27%20viewBox%3D%270%200%20300%20225%27%3E%3Crect%20width%3D%27300%27%20height%3D%27225%27%20fill-opacity%3D%220%22%2F%3E%3C%2Fsvg%3E\" data-srcset=\"https:\/\/www.valorine.ch\/wp-content\/uploads\/2023\/08\/Dominique-Zuger-200x150.jpg 200w, https:\/\/www.valorine.ch\/wp-content\/uploads\/2023\/08\/Dominique-Zuger-300x225.jpg 300w, https:\/\/www.valorine.ch\/wp-content\/uploads\/2023\/08\/Dominique-Zuger-400x300.jpg 400w, https:\/\/www.valorine.ch\/wp-content\/uploads\/2023\/08\/Dominique-Zuger-600x450.jpg 600w, https:\/\/www.valorine.ch\/wp-content\/uploads\/2023\/08\/Dominique-Zuger-768x576.jpg 768w, https:\/\/www.valorine.ch\/wp-content\/uploads\/2023\/08\/Dominique-Zuger-800x600.jpg 800w, https:\/\/www.valorine.ch\/wp-content\/uploads\/2023\/08\/Dominique-Zuger.jpg 1024w\" data-sizes=\"auto\" data-orig-sizes=\"(max-width: 300px) 100vw, 300px\" \/><\/p>\n<h2>Magn\u00e9tiseur, Masseur &amp; Rebouteux<\/h2>\n<p>Depuis 1998 \u00e0 votre service, je suis \u00e0 m\u00eame de vous accompagner dans toutes les situations.<\/p>\n<p>Les possibilit\u00e9s sont souvent ignor\u00e9es,\u00a0aussi je vous invite \u00e0 me contacter.<\/p>\n<p>Reconnu ASCA &amp; RME<\/p>\n<p>Mes prestations sont prises en charge par la majorit\u00e9 des assurances compl\u00e9mentaires<\/p>\n<p>\u200bAu plaisir de vous rencontrer sur RV au 021 323 17 45<\/p>\n<p><a href=\"http:\/\/www.dominiquezuger.ch\" target=\"_blank\" rel=\"noopener\">www.dominiquezuger.ch<\/a><\/p>\n<\/div><div class=\"fusion-sep-clear\"><\/div><div class=\"fusion-separator fusion-full-width-sep\" style=\"margin-left: auto;margin-right: auto;margin-top:15px;width:100%;\"><\/div><div class=\"fusion-sep-clear\"><\/div><div class=\"fusion-clearfix\"><\/div><\/div><\/div><\/div><\/div>\n","protected":false},"excerpt":{"rendered":"","protected":false},"author":1,"featured_media":0,"parent":0,"menu_order":0,"comment_status":"closed","ping_status":"closed","template":"","meta":{"footnotes":""},"class_list":["post-300","page","type-page","status-publish","hentry"],"yoast_head":"<!-- This site is optimized with the Yoast SEO plugin v25.3 - https:\/\/yoast.com\/wordpress\/plugins\/seo\/ -->\n<title>Dominique Z\u00fcger - VALORINE<\/title>\n<meta name=\"description\" content=\"Dominique Z\u00fcger met \u00e0 votre disposition son \u00e9coute, son touch\u00e9 dans la profondeur, ses comp\u00e9tences \u00e0 canaliser l\u2019\u00e9nergie afin de la transmettre pour reprogrammer vos cellules \u00e0 s\u2019autoriser la vivance\" \/>\n<meta name=\"robots\" content=\"index, follow, max-snippet:-1, max-image-preview:large, max-video-preview:-1\" \/>\n<link rel=\"canonical\" href=\"https:\/\/www.valorine.ch\/index.php\/dominique-zuger\/\" \/>\n<meta property=\"og:locale\" content=\"fr_FR\" \/>\n<meta property=\"og:type\" content=\"article\" \/>\n<meta property=\"og:title\" content=\"Dominique Z\u00fcger - VALORINE\" \/>\n<meta property=\"og:description\" content=\"Dominique Z\u00fcger met \u00e0 votre disposition son \u00e9coute, son touch\u00e9 dans la profondeur, ses comp\u00e9tences \u00e0 canaliser l\u2019\u00e9nergie afin de la transmettre pour reprogrammer vos cellules \u00e0 s\u2019autoriser la vivance\" \/>\n<meta property=\"og:url\" content=\"https:\/\/www.valorine.ch\/index.php\/dominique-zuger\/\" \/>\n<meta property=\"og:site_name\" content=\"VALORINE\" \/>\n<meta property=\"article:modified_time\" content=\"2023-08-14T09:16:10+00:00\" \/>\n<meta property=\"og:image\" content=\"https:\/\/www.valorine.ch\/wp-content\/uploads\/2023\/08\/Dominique-Zuger-300x225.jpg\" \/>\n<meta name=\"twitter:card\" content=\"summary_large_image\" \/>\n<meta name=\"twitter:label1\" content=\"Dur\u00e9e de lecture estim\u00e9e\" \/>\n\t<meta name=\"twitter:data1\" content=\"2 minutes\" \/>\n<script type=\"application\/ld+json\" class=\"yoast-schema-graph\">{\"@context\":\"https:\/\/schema.org\",\"@graph\":[{\"@type\":\"WebPage\",\"@id\":\"https:\/\/www.valorine.ch\/index.php\/dominique-zuger\/\",\"url\":\"https:\/\/www.valorine.ch\/index.php\/dominique-zuger\/\",\"name\":\"Dominique Z\u00fcger - VALORINE\",\"isPartOf\":{\"@id\":\"https:\/\/www.valorine.ch\/#website\"},\"primaryImageOfPage\":{\"@id\":\"https:\/\/www.valorine.ch\/index.php\/dominique-zuger\/#primaryimage\"},\"image\":{\"@id\":\"https:\/\/www.valorine.ch\/index.php\/dominique-zuger\/#primaryimage\"},\"thumbnailUrl\":\"https:\/\/www.valorine.ch\/wp-content\/uploads\/2023\/08\/Dominique-Zuger-300x225.jpg\",\"datePublished\":\"2023-08-14T08:01:20+00:00\",\"dateModified\":\"2023-08-14T09:16:10+00:00\",\"description\":\"Dominique Z\u00fcger met \u00e0 votre disposition son \u00e9coute, son touch\u00e9 dans la profondeur, ses comp\u00e9tences \u00e0 canaliser l\u2019\u00e9nergie afin de la transmettre pour reprogrammer vos cellules \u00e0 s\u2019autoriser la vivance\",\"breadcrumb\":{\"@id\":\"https:\/\/www.valorine.ch\/index.php\/dominique-zuger\/#breadcrumb\"},\"inLanguage\":\"fr-FR\",\"potentialAction\":[{\"@type\":\"ReadAction\",\"target\":[\"https:\/\/www.valorine.ch\/index.php\/dominique-zuger\/\"]}]},{\"@type\":\"ImageObject\",\"inLanguage\":\"fr-FR\",\"@id\":\"https:\/\/www.valorine.ch\/index.php\/dominique-zuger\/#primaryimage\",\"url\":\"https:\/\/www.valorine.ch\/wp-content\/uploads\/2023\/08\/Dominique-Zuger.jpg\",\"contentUrl\":\"https:\/\/www.valorine.ch\/wp-content\/uploads\/2023\/08\/Dominique-Zuger.jpg\",\"width\":1024,\"height\":768},{\"@type\":\"BreadcrumbList\",\"@id\":\"https:\/\/www.valorine.ch\/index.php\/dominique-zuger\/#breadcrumb\",\"itemListElement\":[{\"@type\":\"ListItem\",\"position\":1,\"name\":\"Accueil\",\"item\":\"https:\/\/www.valorine.ch\/\"},{\"@type\":\"ListItem\",\"position\":2,\"name\":\"Dominique Z\u00fcger\"}]},{\"@type\":\"WebSite\",\"@id\":\"https:\/\/www.valorine.ch\/#website\",\"url\":\"https:\/\/www.valorine.ch\/\",\"name\":\"VALORINE\",\"description\":\"Centre de bien-\u00eatre et de sant\u00e9\",\"potentialAction\":[{\"@type\":\"SearchAction\",\"target\":{\"@type\":\"EntryPoint\",\"urlTemplate\":\"https:\/\/www.valorine.ch\/?s={search_term_string}\"},\"query-input\":{\"@type\":\"PropertyValueSpecification\",\"valueRequired\":true,\"valueName\":\"search_term_string\"}}],\"inLanguage\":\"fr-FR\"}]}<\/script>\n<!-- \/ Yoast SEO plugin. -->","yoast_head_json":{"title":"Dominique Z\u00fcger - VALORINE","description":"Dominique Z\u00fcger met \u00e0 votre disposition son \u00e9coute, son touch\u00e9 dans la profondeur, ses comp\u00e9tences \u00e0 canaliser l\u2019\u00e9nergie afin de la transmettre pour reprogrammer vos cellules \u00e0 s\u2019autoriser la vivance","robots":{"index":"index","follow":"follow","max-snippet":"max-snippet:-1","max-image-preview":"max-image-preview:large","max-video-preview":"max-video-preview:-1"},"canonical":"https:\/\/www.valorine.ch\/index.php\/dominique-zuger\/","og_locale":"fr_FR","og_type":"article","og_title":"Dominique Z\u00fcger - VALORINE","og_description":"Dominique Z\u00fcger met \u00e0 votre disposition son \u00e9coute, son touch\u00e9 dans la profondeur, ses comp\u00e9tences \u00e0 canaliser l\u2019\u00e9nergie afin de la transmettre pour reprogrammer vos cellules \u00e0 s\u2019autoriser la vivance","og_url":"https:\/\/www.valorine.ch\/index.php\/dominique-zuger\/","og_site_name":"VALORINE","article_modified_time":"2023-08-14T09:16:10+00:00","og_image":[{"url":"https:\/\/www.valorine.ch\/wp-content\/uploads\/2023\/08\/Dominique-Zuger-300x225.jpg","type":"","width":"","height":""}],"twitter_card":"summary_large_image","twitter_misc":{"Dur\u00e9e de lecture estim\u00e9e":"2 minutes"},"schema":{"@context":"https:\/\/schema.org","@graph":[{"@type":"WebPage","@id":"https:\/\/www.valorine.ch\/index.php\/dominique-zuger\/","url":"https:\/\/www.valorine.ch\/index.php\/dominique-zuger\/","name":"Dominique Z\u00fcger - VALORINE","isPartOf":{"@id":"https:\/\/www.valorine.ch\/#website"},"primaryImageOfPage":{"@id":"https:\/\/www.valorine.ch\/index.php\/dominique-zuger\/#primaryimage"},"image":{"@id":"https:\/\/www.valorine.ch\/index.php\/dominique-zuger\/#primaryimage"},"thumbnailUrl":"https:\/\/www.valorine.ch\/wp-content\/uploads\/2023\/08\/Dominique-Zuger-300x225.jpg","datePublished":"2023-08-14T08:01:20+00:00","dateModified":"2023-08-14T09:16:10+00:00","description":"Dominique Z\u00fcger met \u00e0 votre disposition son \u00e9coute, son touch\u00e9 dans la profondeur, ses comp\u00e9tences \u00e0 canaliser l\u2019\u00e9nergie afin de la transmettre pour reprogrammer vos cellules \u00e0 s\u2019autoriser la vivance","breadcrumb":{"@id":"https:\/\/www.valorine.ch\/index.php\/dominique-zuger\/#breadcrumb"},"inLanguage":"fr-FR","potentialAction":[{"@type":"ReadAction","target":["https:\/\/www.valorine.ch\/index.php\/dominique-zuger\/"]}]},{"@type":"ImageObject","inLanguage":"fr-FR","@id":"https:\/\/www.valorine.ch\/index.php\/dominique-zuger\/#primaryimage","url":"https:\/\/www.valorine.ch\/wp-content\/uploads\/2023\/08\/Dominique-Zuger.jpg","contentUrl":"https:\/\/www.valorine.ch\/wp-content\/uploads\/2023\/08\/Dominique-Zuger.jpg","width":1024,"height":768},{"@type":"BreadcrumbList","@id":"https:\/\/www.valorine.ch\/index.php\/dominique-zuger\/#breadcrumb","itemListElement":[{"@type":"ListItem","position":1,"name":"Accueil","item":"https:\/\/www.valorine.ch\/"},{"@type":"ListItem","position":2,"name":"Dominique Z\u00fcger"}]},{"@type":"WebSite","@id":"https:\/\/www.valorine.ch\/#website","url":"https:\/\/www.valorine.ch\/","name":"VALORINE","description":"Centre de bien-\u00eatre et de sant\u00e9","potentialAction":[{"@type":"SearchAction","target":{"@type":"EntryPoint","urlTemplate":"https:\/\/www.valorine.ch\/?s={search_term_string}"},"query-input":{"@type":"PropertyValueSpecification","valueRequired":true,"valueName":"search_term_string"}}],"inLanguage":"fr-FR"}]}},"_links":{"self":[{"href":"https:\/\/www.valorine.ch\/index.php\/wp-json\/wp\/v2\/pages\/300","targetHints":{"allow":["GET"]}}],"collection":[{"href":"https:\/\/www.valorine.ch\/index.php\/wp-json\/wp\/v2\/pages"}],"about":[{"href":"https:\/\/www.valorine.ch\/index.php\/wp-json\/wp\/v2\/types\/page"}],"author":[{"embeddable":true,"href":"https:\/\/www.valorine.ch\/index.php\/wp-json\/wp\/v2\/users\/1"}],"replies":[{"embeddable":true,"href":"https:\/\/www.valorine.ch\/index.php\/wp-json\/wp\/v2\/comments?post=300"}],"version-history":[{"count":3,"href":"https:\/\/www.valorine.ch\/index.php\/wp-json\/wp\/v2\/pages\/300\/revisions"}],"predecessor-version":[{"id":328,"href":"https:\/\/www.valorine.ch\/index.php\/wp-json\/wp\/v2\/pages\/300\/revisions\/328"}],"wp:attachment":[{"href":"https:\/\/www.valorine.ch\/index.php\/wp-json\/wp\/v2\/media?parent=300"}],"curies":[{"name":"wp","href":"https:\/\/api.w.org\/{rel}","templated":true}]}}